{"id":1109,"date":"2025-05-27T17:31:10","date_gmt":"2025-05-27T17:31:10","guid":{"rendered":"https:\/\/cuentaconloslacteos.eu\/information-juridique\/"},"modified":"2025-10-22T11:44:28","modified_gmt":"2025-10-22T11:44:28","slug":"information-juridique","status":"publish","type":"page","link":"https:\/\/cuentaconloslacteos.eu\/fr\/information-juridique\/","title":{"rendered":"Information juridique"},"content":{"rendered":"<p>[et_pb_section fb_built=\u00a0\u00bb1&Prime; _builder_version=\u00a0\u00bb4.27.4&Prime; _module_preset=\u00a0\u00bbdefault\u00a0\u00bb global_colors_info=\u00a0\u00bb{}\u00a0\u00bb custom_padding=\u00a0\u00bb54px|||||\u00a0\u00bb][et_pb_row _builder_version=\u00a0\u00bb4.27.4&Prime; _module_preset=\u00a0\u00bbdefault\u00a0\u00bb global_colors_info=\u00a0\u00bb{}\u00a0\u00bb][et_pb_column type=\u00a0\u00bb4_4&Prime; _builder_version=\u00a0\u00bb4.27.4&Prime; _module_preset=\u00a0\u00bbdefault\u00a0\u00bb global_colors_info=\u00a0\u00bb{}\u00a0\u00bb][et_pb_text _builder_version=\u00a0\u00bb4.27.4&Prime; _module_preset=\u00a0\u00bbdefault\u00a0\u00bb hover_enabled=\u00a0\u00bb0&Prime; global_colors_info=\u00a0\u00bb{}\u00a0\u00bb sticky_enabled=\u00a0\u00bb0&Prime;]<\/p>\n<h1><strong>INFORMATION JURIDIQUE<\/strong><strong> <\/strong><\/h1>\n<h2><strong>PROPRI\u00c9TAIRE<\/strong><\/h2>\n<p>La propri\u00e9t\u00e9 du site<span>\u00a0<\/span><span>www.cuentaconloslacteos.eu<\/span><span>\u00a0<\/span>est d\u00e9tenue par l\u2019Asociaci\u00f3n Interprofesional L\u00e1ctea, portant le num\u00e9ro d\u2019identification fiscal (C.I.F.) G-82520982 et domicili\u00e9e \u00e0 Madrid, Calle Jos\u00e9 Abascal. 44. 1\u00ba Dcha.<\/p>\n<h2><strong>CONDITIONS G\u00c9N\u00c9RALES D\u2019UTILISATION DU SITE<span>\u00a0<\/span><\/strong><strong>www.cuentaconloslacteos.eu<\/strong><\/h2>\n<p>L\u2019utilisateur s\u2019engage \u00e0 utiliser<span>\u00a0<\/span><a href=\"http:\/\/www.cuentaconloslacteos.eu\/\">le site www.cuentaconloslacteos.eu<\/a><span>\u00a0<\/span>et les services mis \u00e0 sa disposition conform\u00e9ment \u00e0 la loi et aux dispositions des pr\u00e9sentes Conditions d\u2019Utilisation.<\/p>\n<p>Tout utilisateur souhaitant utiliser ce site devra pr\u00e9alablement lire et accepter les pr\u00e9sentes Conditions d\u2019Utilisation telles que d\u00e9finies par<span>\u00a0<\/span><a href=\"http:\/\/www.cuentaconloslacteos.eu\/\">www.cuentaconloslacteos.eu<\/a><span>.<\/span><\/p>\n<p>Dans le cas o\u00f9 vous seriez autoris\u00e9 \u00e0 vous inscrire en tant qu\u2019utilisateur de ce site, vous garantissez l\u2019authenticit\u00e9 des donn\u00e9es saisies et vous vous engagez \u00e0 ne pas les utiliser \u00e0 des fins frauduleuses. L\u2019utilisation du site \u00e0 des fins commerciales ou publicitaires sans rapport avec les int\u00e9r\u00eats<span>\u00a0<\/span><a href=\"http:\/\/www.cuentaconloslacteos.eu\/\">www.cuentaconloslacteos.eu<\/a><span>\u00a0<\/span>est \u00e9galement prohib\u00e9e.<\/p>\n<p>En vous inscrivant, vous vous engagez \u00e0 ne pas utiliser les moyens mis \u00e0 votre disposition par<span>\u00a0<\/span><a href=\"http:\/\/www.cuentaconloslacteos.eu\/\">www.cuentaconloslacteos.eu<\/a><span>\u00a0<\/span>pour :<\/p>\n<ul>\n<ul>\n<li>Saisir des informations illicites ou contraires \u00e0 la morale et r\u00e9pr\u00e9hensibles ou \u00e0 caract\u00e8re offensant.<\/li>\n<li>Saisir des donn\u00e9es personnelles vous concernant ou concernant des tiers, relatives \u00e0 l\u2019une des cat\u00e9gories suivantes : sant\u00e9, origine raciale ou ethnique, vie sexuelle, id\u00e9ologie, affiliation syndicale, religion, croyances, infractions administratives ou p\u00e9nales.<\/li>\n<li>Diffuser des contenus ou de la propagande \u00e0 caract\u00e8re raciste, x\u00e9nophobe, obsc\u00e8ne, pornographique, faisant l\u2019apologie du terrorisme ou portant atteinte aux droits de l\u2019Homme.<\/li>\n<li>Saisir des contenus diffamatoires ou de nature calomnieuse, mena\u00e7ante ou coercitive.<\/li>\n<li>Divulguer des informations priv\u00e9es et\/ou confidentielles de personnes physiques ou morales.<\/li>\n<li>Occasionner des dommages aux syst\u00e8mes informatiques de<span>\u00a0<\/span><a href=\"http:\/\/www.cuentaconloslacteos.eu\/\">cuentaconloslacteos.eu<\/a>, de tierces personnes ou d\u2019autres entit\u00e9s.<\/li>\n<li>Introduire des virus informatiques, des logiciels malveillants, des logiciels espions, des chevaux de Troie, des vers ou tout autre logiciel malveillant susceptible d\u2019occasionner les dommages susmentionn\u00e9s.<\/li>\n<li>Acc\u00e9der et\/ou manipuler les informations d\u2019autres utilisateurs du syst\u00e8me.<\/li>\n<\/ul>\n<\/ul>\n<p>Les utilisateurs qui ne respecteraient pas tout ou partie des conditions et r\u00e8gles d\u2019utilisation de<span>\u00a0<\/span><a href=\"http:\/\/www.cuentaconloslacteos.eu\/\">www.cuentaconloslacteos.eu<\/a>, pourront \u00eatre supprim\u00e9s du site et de sa base de donn\u00e9es, sans qu\u2019aucune indemnisation ne puisse \u00eatre r\u00e9clam\u00e9e \u00e0 ce titre.<\/p>\n<p><a href=\"http:\/\/www.cuentaconloslacteos.eu\/\">Le site www.cuentaconloslacteos.eu<\/a><span>\u00a0<\/span>engagera des poursuites contre ce type d\u2019agissements, ainsi que contre tout autre agissement et\/ou utilisation abusive de son site, en exer\u00e7ant toutes les actions civiles et p\u00e9nales auxquelles il pourrait pr\u00e9tendre conform\u00e9ment \u00e0 la l\u00e9gislation espagnole.<\/p>\n<p><a href=\"http:\/\/www.cuentaconloslacteos.eu\/\">Le site www.cuentaconloslacteos.eu<\/a><span>\u00a0<\/span>d\u00e9cline toute responsabilit\u00e9 en cas d\u2019utilisation du syst\u00e8me par l\u2019utilisateur qui serait contraire aux conditions d\u2019utilisation ci-dessus.<a href=\"http:\/\/www.cuentaconloslacteos.eu\/\"><span>\u00a0<\/span>Le site www.cuentaconloslacteos.eu<\/a><span>\u00a0<\/span>ne saurait cautionner ou \u00eatre tenu pour responsable des opinions et\/ou des informations saisies par les utilisateurs. Nonobstant ce qui pr\u00e9c\u00e8de, si de telles informations \u00e9taient saisies sur le site par le personnel de l\u2019Asociaci\u00f3n Interprofesional L\u00e1ctea, en connaissance de cause et avec son autorisation, ces d\u00e9clarations seraient consid\u00e9r\u00e9es comme ayant \u00e9t\u00e9 faites au nom de l\u2019Asociaci\u00f3n Interprofesional L\u00e1ctea.<\/p>\n<p>Si l\u2019une des dispositions des pr\u00e9sentes Conditions d\u2019Utilisation \u00e9tait d\u00e9clar\u00e9e nulle ou non applicable par un tribunal, les autres conditions seraient maintenues conform\u00e9ment aux conditions \u00e9nonc\u00e9es. Aux fins de r\u00e9soudre toute controverse qui pourrait survenir quant \u00e0 la validit\u00e9, l\u2019ex\u00e9cution, le respect ou la r\u00e9solution, en tout ou partie, des pr\u00e9sentes Conditions d\u2019Utilisation, les utilisateurs du site web renoncent express\u00e9ment \u00e0 leur propre juridiction ou \u00e0 toute autre qui pourrait leur correspondre, et se soumettent \u00e0 la juridiction des Cours et Tribunaux de la province de Madrid.<\/p>\n<p>En r\u00e8gle g\u00e9n\u00e9rale, les relations entre le site web<a href=\"http:\/\/www.cuentaconloslacteos.eu\/\"><span>\u00a0<\/span>www.cuentaconloslacteos.eu<\/a><span>\u00a0<\/span>et ses visiteurs sont soumises \u00e0 la l\u00e9gislation et \u00e0 la juridiction espagnoles.<\/p>\n<p><a href=\"http:\/\/www.cuentaconloslacteos.eu\/\">www.cuentaconloslacteos.eu<\/a><\/p>\n<h2><strong>DROITS DE PROPRI\u00c9T\u00c9 INTELLECTUELLE ET INDUSTRIELLE<\/strong><\/h2>\n<p>L\u2019utilisateur reconna\u00eet et accepte que tous les droits de propri\u00e9t\u00e9 industrielle et intellectuelle relatifs aux contenus et\/ou tout autre \u00e9l\u00e9ment incorpor\u00e9 au site web (y compris, \u00e0 titre indicatif et non limitatif, tous les \u00e9l\u00e9ments qui constituent le visuel, l\u2019image graphique et autres stimuli sensoriels des pages web du site, les marques, logos, noms commerciaux, textes, critiques et commentaires, images, graphiques, dessins, sons, bases de donn\u00e9es, logiciels, organigrammes de programmation, pr\u00e9sentation, architecture de navigation, ainsi que les codes source des pages web) appartiennent \u00e0 l\u2019Asociaci\u00f3n Interprofesional L\u00e1ctea et\/ou aux tiers qui lui ont c\u00e9d\u00e9 leurs droits. Dans ce but, il convient de consid\u00e9rer comme site web toutes les cr\u00e9ations int\u00e9gr\u00e9es et repr\u00e9sent\u00e9es par tout moyen et\/ou support tangible ou intangible, connu ou \u00e0 conna\u00eetre, qui soit prot\u00e9g\u00e9 par la r\u00e9glementation en vigueur en mati\u00e8re de propri\u00e9t\u00e9 intellectuelle et industrielle.<\/p>\n<p>Sont autoris\u00e9s la simple visualisation, l\u2019impression, le t\u00e9l\u00e9chargement ou le stockage temporaire, en tout ou en partie, des contenus et\/ou des \u00e9l\u00e9ments renseign\u00e9s sur le site web ou dans les pages de celui-ci, exclusivement pour un usage personnel, priv\u00e9 et non lucratif de l\u2019utilisateur. Dans tous les cas, l\u2019origine et\/ou l\u2019auteur de ces \u00e9l\u00e9ments devront \u00eatre indiqu\u00e9s et, le cas \u00e9ch\u00e9ant, devra figurer le symbole du copyright et\/ou les notes de propri\u00e9t\u00e9 industrielle de leurs propri\u00e9taires.<\/p>\n<p>En aucun cas, l\u2019acc\u00e8s au site web n\u2019implique une quelconque autorisation, renonciation, transmission, licence ou cession totale ou partielle desdits droits par les propri\u00e9taires, sauf mention explicite contraire. Les pr\u00e9sentes Conditions d\u2019Utilisation du site web ne conf\u00e8rent aux utilisateurs aucun autre droit d\u2019utilisation, d\u2019alt\u00e9ration, d\u2019exploitation, de reproduction, de distribution ou de communication publique du site web et\/ou de ses contenus autres que ceux express\u00e9ment pr\u00e9vus par les pr\u00e9sentes conditions. Toute autre utilisation ou exploitation des droits sera soumise \u00e0 l\u2019autorisation pr\u00e9alable et explicite sp\u00e9cifiquement accord\u00e9e \u00e0 cet effet par l\u2019Asociaci\u00f3n Interprofesional L\u00e1ctea ou, le cas \u00e9ch\u00e9ant, par le tiers propri\u00e9taire des droits concern\u00e9s.<\/p>\n<p>L\u2019utilisation de ces \u00e9l\u00e9ments, leur reproduction totale ou partielle, leur communication et\/ou leur distribution \u00e0 des fins commerciales ou lucratives, ainsi que leur modification, alt\u00e9ration, d\u00e9compilation et\/ou tout autre acte d\u2019exploitation du site web, de ses pages et\/ou des contenus qui y sont incorpor\u00e9s, sont strictement interdits. Pour toute utilisation autre que celles express\u00e9ment autoris\u00e9es, il sera n\u00e9cessaire d\u2019obtenir le consentement \u00e9crit pr\u00e9alable du titulaire des droits en question.<\/p>\n<h2><strong>INFORMATION IMPORTANTE EN MATI\u00c8RE DE S\u00c9CURIT\u00c9<\/strong><\/h2>\n<p>Le personnel identifi\u00e9 comme appartenant \u00e0<span>\u00a0<\/span><a href=\"http:\/\/www.cuentaconloslacteos.eu\/\">www.cuentaconloslacteos.eu<\/a><span>\u00a0<\/span>ne demandera en aucun cas vos donn\u00e9es d\u2019acc\u00e8s (nom d\u2019utilisateur, mot de passe) que ce soit par t\u00e9l\u00e9phone, par e-mail ou en personne en dehors du syst\u00e8me d\u2019authentification de<span>\u00a0<\/span><a href=\"http:\/\/www.cuentaconloslacteos.eu\/\">www.cuentaconloslacteos.eu<\/a>, ni m\u00eame en cas d\u2019incident technique. Le personnel de l\u2019Asociaci\u00f3n Interprofesional L\u00e1ctea n\u2019a pas acc\u00e8s \u00e0 vos donn\u00e9es d\u2019authentification, celles-ci \u00e9tant stock\u00e9es de mani\u00e8re crypt\u00e9e dans le syst\u00e8me, conform\u00e9ment \u00e0 la r\u00e9glementation applicable. De m\u00eame,<a href=\"http:\/\/www.cuentaconloslacteos.eu\/\"><span>\u00a0<\/span>www.cuentaconloslacteos.eu<\/a><span>\u00a0<\/span>ne demandera jamais de transfert d\u2019argent, de num\u00e9ro de compte bancaire ou de cartes de cr\u00e9dit ou de d\u00e9bit ni m\u00eame d\u2019information \u00e0 caract\u00e8re financi\u00e8re en dehors des canaux \u00e9tablis sur le site web pour la souscription de services ou l\u2019achat de produits. Dans le cas o\u00f9 vous seriez l\u2019objet d\u2019une telle demande, vous devez refuser de communiquer vos donn\u00e9es d\u2019acc\u00e8s ou toute autre information personnelle en dehors des canaux pr\u00e9vus par le site web pour demander des informations et devez en informer l\u2019Asociaci\u00f3n Interprofesional L\u00e1ctea.<\/p>\n<p>Vous ne devez pas non plus t\u00e9l\u00e9charger de logiciels ni acc\u00e9der \u00e0 des liens contenus dans le corps des messages d\u2019utilisateurs du site web. Il s\u2019agit d\u2019une pratique non autoris\u00e9e qui constitue une menace possible pour la s\u00e9curit\u00e9 de votre \u00e9quipement informatique, avec le danger qui en d\u00e9coule pour votre vie priv\u00e9e et familiale et avec le risque que ces donn\u00e9es soient utilis\u00e9es \u00e0 des fins illicites et\/ou frauduleuses. Toute action de tiers li\u00e9e aux pratiques d\u00e9taill\u00e9es ci-dessus sera signal\u00e9e aux autorit\u00e9s comp\u00e9tentes.<\/p>\n<h2><strong>EXON\u00c9RATION DE RESPONSABILIT\u00c9<\/strong><\/h2>\n<p>L\u2019Asociaci\u00f3n Interprofesional L\u00e1ctea se r\u00e9serve le droit d\u2019effectuer, chaque fois que n\u00e9cessaire et sans pr\u00e9avis, toute modification et mise \u00e0 jour des informations contenues sur son site, tant dans sa version en espagnol que dans les autres langues, de la configuration et de la pr\u00e9sentation du site et des conditions d\u2019acc\u00e8s. Les documents et graphiques publi\u00e9s sur ce site web peuvent comporter des inexactitudes techniques ou des erreurs typographiques.<\/p>\n<p>L\u2019Asociaci\u00f3n Interprofesional L\u00e1ctea fournit les \u00e9l\u00e9ments et les graphiques du site web sans garantie explicite ou implicite d\u2019aucune sorte et rejette l\u2019existence de toute garantie ou condition implicites concernant les informations ici pr\u00e9sentes, y compris les garanties de viabilit\u00e9 commerciale, de non-violation de la propri\u00e9t\u00e9 intellectuelle ou d\u2019ad\u00e9quation \u00e0 un quelconque objectif sp\u00e9cifique.<\/p>\n<p>En aucun cas, L\u2019Asociaci\u00f3n Interprofesional L\u00e1ctea ou ses fournisseurs ne pourront \u00eatre tenus pour responsables de tout dommage ou pr\u00e9judice, y compris ceux r\u00e9sultant d\u2019une perte de b\u00e9n\u00e9fices, d\u2019une interruption d\u2019activit\u00e9 ou d\u2019une perte de donn\u00e9es qui d\u00e9coulerait de l\u2019utilisation ou de la mauvaise utilisation des \u00e9l\u00e9ments contenus dans ce serveur, m\u00eame si l\u2019Asociaci\u00f3n Interprofesional L\u00e1ctea a \u00e9t\u00e9 inform\u00e9e de la possibilit\u00e9 de tels dommages ou pr\u00e9judices.<\/p>\n<p>L\u2019Asociaci\u00f3n Interprofesional L\u00e1ctea ne peut assurer que des interruptions ou des erreurs ne puissent se produire lors de l\u2019acc\u00e8s \u00e0 son site web ou \u00e0 ses diff\u00e9rents contenus. De m\u00eame, elle ne garantit pas que le contenu du site sera, toujours et dans tous les cas, actualis\u00e9, bien qu\u2019elle s\u2019efforcera au mieux de l\u2019\u00e9viter, de le corriger ou de le mettre \u00e0 jour dans les meilleurs d\u00e9lais. L\u2019Asociaci\u00f3n Interprofesional L\u00e1ctea n\u2019est pas responsable des informations contenues sur les autres sites vers lesquels les liens hypertextes ou \u00ab\u00a0links\u00a0\u00bb pr\u00e9sents sur ce site pourraient renvoyer.<\/p>\n<p>L\u2019Asociaci\u00f3n Interprofesional L\u00e1ctea d\u00e9cline toute responsabilit\u00e9 en rapport avec la mise \u00e0 disposition ou le contenu des liens des tiers auxquels il est fait r\u00e9f\u00e9rence sur le site. Elle ne garantit pas non plus l\u2019absence de virus ou de tout autre \u00e9l\u00e9ment dans ces liens susceptibles d\u2019endommager le syst\u00e8me informatique (mat\u00e9riel et logiciel), les documents ou les fichiers de l\u2019utilisateur, et exclut toute responsabilit\u00e9 pour les dommages de toute nature caus\u00e9s \u00e0 l\u2019utilisateur pour ce motif. Par cons\u00e9quent, elle n\u2019est pas responsable du contenu d\u2019aucun d\u2019entre eux ni des changements ou mises \u00e0 jour qu\u2019ils peuvent subir.<\/p>\n<p>Tant l\u2019acc\u00e8s \u00e0 ce site que l\u2019utilisation qui peut \u00eatre faite des informations qu\u2019il contient rel\u00e8vent de la seule responsabilit\u00e9 de l\u2019utilisateur. L\u2019Asociaci\u00f3n Interprofesional L\u00e1ctea ne sera pas responsable des cons\u00e9quences ou des dommages qui pourraient r\u00e9sulter de cet acc\u00e8s ou de l\u2019utilisation des donn\u00e9es. L\u2019Asociaci\u00f3n Interprofesional L\u00e1ctea ne pourra \u00eatre tenue pour responsable des \u00e9ventuelles failles de s\u00e9curit\u00e9 qui pourraient se produire ou des dommages susceptibles d\u2019\u00eatre occasionn\u00e9s au syst\u00e8me informatique de l\u2019utilisateur (mat\u00e9riel et logiciel), ainsi qu\u2019aux fichiers ou documents qui y seraient stock\u00e9s, du fait de la pr\u00e9sence d\u2019un virus dans l\u2019ordinateur de l\u2019utilisateur permettant la connexion aux services et contenus du site, du mauvais fonctionnement du navigateur ou de l\u2019utilisation de versions obsol\u00e8tes de ce dernier.<\/p>\n<p>De m\u00eame, L\u2019Asociaci\u00f3n Interprofesional L\u00e1ctea est propri\u00e9taire des droits de propri\u00e9t\u00e9 industrielle relatifs \u00e0 ses produits et services, et notamment de ceux relatifs \u00e0 la marque d\u00e9pos\u00e9e. En ce qui concerne la r\u00e9f\u00e9rence \u00e0 des produits et services de tiers, l\u2019Asociaci\u00f3n Interprofesional L\u00e1ctea reconna\u00eet \u00e0 leurs propri\u00e9taires les droits de propri\u00e9t\u00e9 industrielle et intellectuelle correspondants, sans que leur simple mention ou pr\u00e9sence sur le site web n\u2019implique l\u2019existence de quelconques droits ou responsabilit\u00e9 de l\u2019Asociaci\u00f3n Interprofesional L\u00e1ctea \u00e0 leur \u00e9gard, ni aucune adh\u00e9sion, parrainage ou recommandation de la part de l\u2019Asociaci\u00f3n Interprofesional L\u00e1ctea.<\/p>\n<p>L\u2019utilisation non autoris\u00e9e d\u2019une quelconque information contenue sur ce site, sa revente, ainsi que toute violation des droits de propri\u00e9t\u00e9 intellectuelle ou industrielle de l\u2019Asociaci\u00f3n Interprofesional L\u00e1ctea donnera lieu aux responsabilit\u00e9s l\u00e9galement \u00e9tablies.<\/p>\n<p>Tout lien de tiers vers le pr\u00e9sent site doit renvoyer au menu ou \u00e0 la page d\u2019accueil du site.<\/p>\n<p>FINANC\u00c9 PAR L\u2019UNION EUROP\u00c9ENNE. LES OPINIONS ET LES AVIS EXPRIM\u00c9S N\u2019ENGAGENT QUE LEUR(S) AUTEUR(S) ET NE REFL\u00c8TENT PAS N\u00c9CESSAIREMENT CEUX DE L\u2019UNION EUROP\u00c9ENNE OU DU MINIST\u00c8RE DE L\u2019AGRICULTURE, DE LA P\u00caCHE ET DE L\u2019ALIMENTATION. NI L\u2019UNION EUROP\u00c9ENNE NI L\u2019AUTORIT\u00c9 CONC\u00c9DANTE NE PEUVENT EN \u00caTRE TENUES POUR RESPONSABLES.<\/p>\n<p>[\/et_pb_text][\/et_pb_column][\/et_pb_row][\/et_pb_section]<\/p>\n","protected":false},"excerpt":{"rendered":"<p>INFORMATION JURIDIQUE PROPRI\u00c9TAIRE La propri\u00e9t\u00e9 du site\u00a0www.cuentaconloslacteos.eu\u00a0est d\u00e9tenue par l\u2019Asociaci\u00f3n Interprofesional L\u00e1ctea, portant le num\u00e9ro d\u2019identification fiscal (C.I.F.) G-82520982 et domicili\u00e9e \u00e0 Madrid, Calle Jos\u00e9 Abascal. 44. 1\u00ba Dcha. CONDITIONS G\u00c9N\u00c9RALES D\u2019UTILISATION DU SITE\u00a0www.cuentaconloslacteos.eu L\u2019utilisateur s\u2019engage \u00e0 utiliser\u00a0le site www.cuentaconloslacteos.eu\u00a0et les services mis \u00e0 sa disposition conform\u00e9ment \u00e0 la loi et aux dispositions des pr\u00e9sentes Conditions d\u2019Utilisation. Tout utilisateur souhaitant utiliser ce site devra pr\u00e9alablement lire et accepter les pr\u00e9sentes Conditions d\u2019Utilisation telles que d\u00e9finies par\u00a0www.cuentaconloslacteos.eu. Dans le cas o\u00f9 vous seriez autoris\u00e9 \u00e0 vous inscrire en tant qu\u2019utilisateur de ce site, vous garantissez l\u2019authenticit\u00e9 des donn\u00e9es saisies et vous vous engagez \u00e0 ne pas les utiliser \u00e0 des fins frauduleuses. L\u2019utilisation du site \u00e0 des fins commerciales ou publicitaires sans rapport avec les int\u00e9r\u00eats\u00a0www.cuentaconloslacteos.eu\u00a0est \u00e9galement prohib\u00e9e. En vous inscrivant, vous vous engagez \u00e0 ne pas utiliser les moyens mis \u00e0 votre disposition par\u00a0www.cuentaconloslacteos.eu\u00a0pour : Saisir des informations illicites ou contraires \u00e0 la morale et r\u00e9pr\u00e9hensibles ou \u00e0 caract\u00e8re offensant. Saisir des donn\u00e9es personnelles vous concernant ou concernant des tiers, relatives \u00e0 l\u2019une des cat\u00e9gories suivantes : sant\u00e9, origine raciale ou ethnique, vie sexuelle, id\u00e9ologie, affiliation syndicale, religion, croyances, infractions administratives ou p\u00e9nales. Diffuser des contenus ou de la propagande [&hellip;]<\/p>\n","protected":false},"author":1,"featured_media":0,"parent":0,"menu_order":0,"comment_status":"closed","ping_status":"closed","template":"","meta":{"_et_pb_use_builder":"on","_et_pb_old_content":"","_et_gb_content_width":"","footnotes":""},"class_list":["post-1109","page","type-page","status-publish","hentry"],"_links":{"self":[{"href":"https:\/\/cuentaconloslacteos.eu\/fr\/wp-json\/wp\/v2\/pages\/1109","targetHints":{"allow":["GET"]}}],"collection":[{"href":"https:\/\/cuentaconloslacteos.eu\/fr\/wp-json\/wp\/v2\/pages"}],"about":[{"href":"https:\/\/cuentaconloslacteos.eu\/fr\/wp-json\/wp\/v2\/types\/page"}],"author":[{"embeddable":true,"href":"https:\/\/cuentaconloslacteos.eu\/fr\/wp-json\/wp\/v2\/users\/1"}],"replies":[{"embeddable":true,"href":"https:\/\/cuentaconloslacteos.eu\/fr\/wp-json\/wp\/v2\/comments?post=1109"}],"version-history":[{"count":3,"href":"https:\/\/cuentaconloslacteos.eu\/fr\/wp-json\/wp\/v2\/pages\/1109\/revisions"}],"predecessor-version":[{"id":1112,"href":"https:\/\/cuentaconloslacteos.eu\/fr\/wp-json\/wp\/v2\/pages\/1109\/revisions\/1112"}],"wp:attachment":[{"href":"https:\/\/cuentaconloslacteos.eu\/fr\/wp-json\/wp\/v2\/media?parent=1109"}],"curies":[{"name":"wp","href":"https:\/\/api.w.org\/{rel}","templated":true}]}}